{"id":11,"date":"2023-04-16T08:54:00","date_gmt":"2023-04-16T06:54:00","guid":{"rendered":"https:\/\/ensemble69.org\/?page_id=11"},"modified":"2023-04-16T08:54:00","modified_gmt":"2023-04-16T06:54:00","slug":"qui-sommes-nous","status":"publish","type":"page","link":"https:\/\/ensemble69.org\/index.php\/qui-sommes-nous\/","title":{"rendered":"Qui sommes-nous ?"},"content":{"rendered":"\n<p><strong>ENSEMBLE&nbsp;!<\/strong> parce que, comme le disent nos luttes, c\u2019est l\u2019unit\u00e9 qui peut nous faire gagner.<\/p>\n\n\n\n<p><strong>MOUVEMENT <\/strong>pour une <strong>ALTERNATIVE <\/strong>parce que, depuis des ann\u00e9es, les alternances politiques n\u2019ont en rien chang\u00e9&nbsp;la vie. Et m\u00eame, depuis les ann\u00e9es 1980, les \u00e9carts entre riches et pauvres se sont accrus.<\/p>\n\n\n\n<p>De <strong>GAUCHE <\/strong>parce que, pour nous, la&nbsp;gauche, c\u2019est la bataille pour l\u2019\u00e9galit\u00e9 <strong>SOCIALE<\/strong>, c\u2019est le combat <strong>ECOLOGISTE<\/strong>.<\/p>\n\n\n\n<p>Notre mouvement se veut porteur du <strong>FEMINISME<\/strong>, des actions contre tous les <strong>RACISMES<\/strong>.<\/p>\n\n\n\n<p>En un mot, nous voulons changer le monde pour changer nos vies.<\/p>\n\n\n\n<p><strong>ENSEMBLE&nbsp;!<\/strong> ne r\u00e9soudra&nbsp;cependant&nbsp;pas \u00e0 lui seul les crises multiples de la gauche et de l\u2019\u00e9cologie politique. Nous pr\u00e9f\u00e9rons aux divisions actuelles&nbsp;le pluralisme des projets, la coexistence des exp\u00e9riences, le respect des positions et pratiques diff\u00e9rentes.<\/p>\n\n\n\n<p>Le but est le renversement du capitalisme et l\u2019\u00e9mancipation collective.&nbsp;<\/p>\n","protected":false},"excerpt":{"rendered":"<p>ENSEMBLE&nbsp;! parce que, comme le disent nos luttes, c\u2019est l\u2019unit\u00e9 qui peut nous faire gagner. MOUVEMENT pour une ALTERNATIVE parce que, depuis des ann\u00e9es, les alternances politiques n\u2019ont en rien chang\u00e9&nbsp;la vie. Et m\u00eame, depuis les ann\u00e9es 1980, les \u00e9carts entre riches et pauvres se sont accrus. De GAUCHE parce que, pour nous, la&nbsp;gauche, c\u2019est &hellip; <\/p>\n<p><a class=\"more-link btn\" href=\"https:\/\/ensemble69.org\/index.php\/qui-sommes-nous\/\">Lire la suite<\/a><\/p>\n","protected":false},"author":1,"featured_media":0,"parent":0,"menu_order":0,"comment_status":"closed","ping_status":"closed","template":"","meta":{"footnotes":""},"class_list":["post-11","page","type-page","status-publish","hentry","nodate","item-wrap"],"_links":{"self":[{"href":"https:\/\/ensemble69.org\/index.php\/wp-json\/wp\/v2\/pages\/11","targetHints":{"allow":["GET"]}}],"collection":[{"href":"https:\/\/ensemble69.org\/index.php\/wp-json\/wp\/v2\/pages"}],"about":[{"href":"https:\/\/ensemble69.org\/index.php\/wp-json\/wp\/v2\/types\/page"}],"author":[{"embeddable":true,"href":"https:\/\/ensemble69.org\/index.php\/wp-json\/wp\/v2\/users\/1"}],"replies":[{"embeddable":true,"href":"https:\/\/ensemble69.org\/index.php\/wp-json\/wp\/v2\/comments?post=11"}],"version-history":[{"count":1,"href":"https:\/\/ensemble69.org\/index.php\/wp-json\/wp\/v2\/pages\/11\/revisions"}],"predecessor-version":[{"id":12,"href":"https:\/\/ensemble69.org\/index.php\/wp-json\/wp\/v2\/pages\/11\/revisions\/12"}],"wp:attachment":[{"href":"https:\/\/ensemble69.org\/index.php\/wp-json\/wp\/v2\/media?parent=11"}],"curies":[{"name":"wp","href":"https:\/\/api.w.org\/{rel}","templated":true}]}}